{"id":25212,"date":"2020-03-05T15:18:16","date_gmt":"2020-03-05T15:18:16","guid":{"rendered":"http:\/\/www2020.vu.lt\/?page_id=25212"},"modified":"2025-09-23T17:04:47","modified_gmt":"2025-09-23T17:04:47","slug":"pailgintos-dienos-grupe","status":"publish","type":"page","link":"https:\/\/www.mickunai.vilniausr.lm.lt\/?page_id=25212&amp;lang=LT","title":{"rendered":"Pailgintos dienos grup\u0117"},"content":{"rendered":"<p>Siekiant u\u017etikrinti pradini\u0173 klasi\u0173 mokini\u0173 saug\u0173 ir prasming\u0105 laiko po pamok\u0173 leidim\u0105 bei galimyb\u0119 gerinti savo mokymosi pasiekimus, o mokini\u0173 t\u0117vams (glob\u0117jams, r\u016bpintojams) sudaryti palankesnes s\u0105lygas derinti darbo ir \u0161eimos \u012fsipareigojimus, gimnazijoje atidaryta pailginta dienos grup\u0117.<\/p>\n","protected":false},"excerpt":{"rendered":"<p>Siekiant u\u017etikrinti pradini\u0173 klasi\u0173 mokini\u0173 saug\u0173 ir prasming\u0105 laiko po pamok\u0173 leidim\u0105 bei galimyb\u0119 gerinti savo mokymosi pasiekimus, o mokini\u0173 t\u0117vams (glob\u0117jams, r\u016bpintojams) sudaryti palankesnes s\u0105lygas derinti darbo ir \u0161eimos \u012fsipareigojimus, gimnazijoje atidaryta pailginta dienos grup\u0117.<\/p>\n","protected":false},"author":1,"featured_media":0,"parent":828,"menu_order":0,"comment_status":"closed","ping_status":"closed","template":"","meta":[],"_links":{"self":[{"href":"https:\/\/www.mickunai.vilniausr.lm.lt\/index.php?rest_route=\/wp\/v2\/pages\/25212"}],"collection":[{"href":"https:\/\/www.mickunai.vilniausr.lm.lt\/index.php?rest_route=\/wp\/v2\/pages"}],"about":[{"href":"https:\/\/www.mickunai.vilniausr.lm.lt\/index.php?rest_route=\/wp\/v2\/types\/page"}],"author":[{"embeddable":true,"href":"https:\/\/www.mickunai.vilniausr.lm.lt\/index.php?rest_route=\/wp\/v2\/users\/1"}],"replies":[{"embeddable":true,"href":"https:\/\/www.mickunai.vilniausr.lm.lt\/index.php?rest_route=%2Fwp%2Fv2%2Fcomments&post=25212"}],"version-history":[{"count":7,"href":"https:\/\/www.mickunai.vilniausr.lm.lt\/index.php?rest_route=\/wp\/v2\/pages\/25212\/revisions"}],"predecessor-version":[{"id":39735,"href":"https:\/\/www.mickunai.vilniausr.lm.lt\/index.php?rest_route=\/wp\/v2\/pages\/25212\/revisions\/39735"}],"up":[{"embeddable":true,"href":"https:\/\/www.mickunai.vilniausr.lm.lt\/index.php?rest_route=\/wp\/v2\/pages\/828"}],"wp:attachment":[{"href":"https:\/\/www.mickunai.vilniausr.lm.lt\/index.php?rest_route=%2Fwp%2Fv2%2Fmedia&parent=25212"}],"curies":[{"name":"wp","href":"https:\/\/api.w.org\/{rel}","templated":true}]}}