{"id":25155,"date":"2020-02-27T16:15:08","date_gmt":"2020-02-27T16:15:08","guid":{"rendered":"http:\/\/www2020.vu.lt\/?page_id=25155"},"modified":"2022-10-31T14:57:38","modified_gmt":"2022-10-31T14:57:38","slug":"korupcijos-prevencija","status":"publish","type":"page","link":"https:\/\/www.mickunai.vilniausr.lm.lt\/?page_id=25155&amp;lang=LT","title":{"rendered":"Korupcijos prevencija"},"content":{"rendered":"<p>Gimnazijoje informacij\u0105 apie pa\u017eeidimus pra\u0161ome pateikti jums priimtinu b\u016bdu:<br \/>\nelektroniniu pa\u0161tu, adresu <span style=\"color: #3366ff;\">mickunu.gimnazija@gmail.com<\/span>, arba atvykus tiesiogiai \u012f gimnazij\u0105 adresu Mick\u016bnai, Mi\u0161ko g. 2b.<br \/>\nApie \u012ftariamus korupcijos atvejus taip pat galite prane\u0161ti: (internete)<br \/>\n<a href=\"https:\/\/www.stt.lt\/\">LR speciali\u0173j\u0173 tyrim\u0173 tarnyba<\/a><br \/>\n<a href=\"https:\/\/www.stt.lt\/pateikti-pranesima-apie-korupcija\/7425\">PRANE\u0160TI APIE KORUPCIJ\u0104<\/a><\/p>\n<p><strong>NAUDINGOS NUORODOS:<\/strong><br \/>\n<a href=\"https:\/\/www.e-tar.lt\/portal\/lt\/legalActEditions\/TAR.4DBDE27621A2?faces-redirect=true\">Lietuvos Respublikos korupcijos prevencijos \u012fstatymas<\/a><br \/>\n<a href=\"https:\/\/www.e-tar.lt\/portal\/lt\/legalAct\/25c529d0cbcd11e4aaa0e90fce879681\">Lietuvos Respublikos nacionalin\u0117s kovos su korupcija 2015\u20132025 met\u0173 programos patvirtinimo<\/a><br \/>\n<a href=\"https:\/\/www.stt.lt\/\">LR special\u0173j\u0173 tyrim\u0173 tarnyba<\/a><br \/>\n<a href=\"https:\/\/www.vtek.lt\/\">Vyriausioji tarnybin\u0117s etikos komisija<\/a><\/p>\n","protected":false},"excerpt":{"rendered":"<p>Gimnazijoje informacij\u0105 apie pa\u017eeidimus pra\u0161ome pateikti jums priimtinu b\u016bdu: elektroniniu pa\u0161tu, adresu mickunu.gimnazija@gmail.com, arba atvykus tiesiogiai \u012f gimnazij\u0105 adresu Mick\u016bnai, Mi\u0161ko g. 2b. Apie \u012ftariamus korupcijos atvejus taip pat galite prane\u0161ti: (internete) LR speciali\u0173j\u0173 tyrim\u0173 tarnyba PRANE\u0160TI APIE KORUPCIJ\u0104 NAUDINGOS &hellip; <a href=\"https:\/\/www.mickunai.vilniausr.lm.lt\/?page_id=25155&#038;lang=LT\">Skaitykite toliau <span class=\"meta-nav\">&rarr;<\/span><\/a><\/p>\n","protected":false},"author":1,"featured_media":0,"parent":0,"menu_order":6,"comment_status":"closed","ping_status":"closed","template":"","meta":[],"_links":{"self":[{"href":"https:\/\/www.mickunai.vilniausr.lm.lt\/index.php?rest_route=\/wp\/v2\/pages\/25155"}],"collection":[{"href":"https:\/\/www.mickunai.vilniausr.lm.lt\/index.php?rest_route=\/wp\/v2\/pages"}],"about":[{"href":"https:\/\/www.mickunai.vilniausr.lm.lt\/index.php?rest_route=\/wp\/v2\/types\/page"}],"author":[{"embeddable":true,"href":"https:\/\/www.mickunai.vilniausr.lm.lt\/index.php?rest_route=\/wp\/v2\/users\/1"}],"replies":[{"embeddable":true,"href":"https:\/\/www.mickunai.vilniausr.lm.lt\/index.php?rest_route=%2Fwp%2Fv2%2Fcomments&post=25155"}],"version-history":[{"count":9,"href":"https:\/\/www.mickunai.vilniausr.lm.lt\/index.php?rest_route=\/wp\/v2\/pages\/25155\/revisions"}],"predecessor-version":[{"id":30712,"href":"https:\/\/www.mickunai.vilniausr.lm.lt\/index.php?rest_route=\/wp\/v2\/pages\/25155\/revisions\/30712"}],"wp:attachment":[{"href":"https:\/\/www.mickunai.vilniausr.lm.lt\/index.php?rest_route=%2Fwp%2Fv2%2Fmedia&parent=25155"}],"curies":[{"name":"wp","href":"https:\/\/api.w.org\/{rel}","templated":true}]}}