{"id":25143,"date":"2020-02-27T15:46:53","date_gmt":"2020-02-27T15:46:53","guid":{"rendered":"http:\/\/www2020.vu.lt\/?page_id=25143"},"modified":"2023-03-24T10:27:43","modified_gmt":"2023-03-24T10:27:43","slug":"asmens-duomenu-apsauga","status":"publish","type":"page","link":"https:\/\/www.mickunai.vilniausr.lm.lt\/?page_id=25143&amp;lang=LT","title":{"rendered":"Asmens duomen\u0173 apsauga"},"content":{"rendered":"<p>Vilniaus r. Mick\u016bn\u0173 gimnazijos Duomen\u0173 apsaugos pareig\u016bnas<br \/>\n\u012egyvendinant Bendrojo duomen\u0173 apsaugos reglamento reikalavimus Vilniaus r. Mick\u016bn\u0173 gimnazijos Duomen\u0173 apsaugos pareig\u016bnu paskirta informacini\u0173 technologij\u0173 mokytoja Jolanta Kozlovskien\u0117.<\/p>\n<p>Duomen\u0173 apsaugos pareig\u016bnas vykdo u\u017eduotis, vadovaudamasis 2016 m. baland\u017eio 27 d. Europos Parlamento ir Tarybos reglamento (ES) Nr. 2016\/679 d\u0117l fizini\u0173 asmen\u0173 apsaugos tvarkant asmens duomenis ir d\u0117l laisvo toki\u0173 duomen\u0173 jud\u0117jimo ir kuriuo panaikinama Direktyva 95\/46\/EB (Bendrasis duomen\u0173 apsaugos reglamentas) 39 straipsniu.<\/p>\n<p>Duomen\u0173 apsaugos pareig\u016bnas, vykdydamas savo u\u017eduotis, tinkamai \u012fvertina mokykloje\/ gimnazijoje\/ dar\u017eelyje su duomen\u0173 tvarkymo operacijomis susijus\u012f pavoj\u0173, atsi\u017evelgdamas \u012f duomen\u0173 tvarkymo pob\u016bd\u012f, apr\u0117pt\u012f, kontekst\u0105 ir tikslus.<\/p>\n<p>Asmenys (duomen\u0173 subjektai) visais klausimais, susijusiais su j\u0173 asmens duomen\u0173 tvarkymu ir naudojimusi savo teis\u0117mis pagal Bendr\u0105j\u012f duomen\u0173 apsaugos reglament\u0105, gali kreiptis \u012f Vilniaus r. Mick\u016bn\u0173 gimnazijos duomen\u0173 apsaugos pareig\u016bn\u0105 \u2013 IT mokytoja\u0105, Jolant\u0105 Kozlovskien\u0119<\/p>\n<p>Tel. Nr. (8-5) 238 6387, mob tel. +370 (640) 28 674, pa\u0161tas: <a href=\"http:\/\/duomenu.apsauga@mickunai.vilniausr.lm.lt\">duomenu.apsauga@mickunai.vilniausr.lm.lt<\/a><br \/>\nMi\u0161ko g. 2b, Vilniaus r., Mick\u016bn\u0173 mst.<\/p>\n<p>Pridedama:<br \/>\n<a href=\"http:\/\/www2020.vu.lt\/wp-content\/uploads\/2020\/02\/Bendrasis-asmens-duomenu-apsaugos-reglamentas.pdf\">Bendrasis asmens duomen\u0173 apsaugos reglamentas<br \/>\n<\/a><a href=\"http:\/\/www2020.vu.lt\/wp-content\/uploads\/2020\/02\/LR-asmens-duomenu-teisines-apsaugos-istatymas.pdf\">LR asmens duomen\u0173 teisin\u0117s apsaugos \u012fstatymas<br \/>\n<\/a><a href=\"http:\/\/www2020.vu.lt\/wp-content\/uploads\/2020\/02\/Asmens-duomenu-tvarkymo-taisykles.docx\">Asmens duomen\u0173 tvarkymo taisykl\u0117s<\/p>\n<p><\/a><a href=\"http:\/\/www2020.vu.lt\/wp-content\/uploads\/2020\/02\/4-Priedas-Privatumo-politika-1.docx\">4-priedas. Privatumo politika<\/a><br \/>\n<a href=\"http:\/\/www2020.vu.lt\/wp-content\/uploads\/2020\/02\/7-Priedas-Vaizdo-duomenu-tvarkymo-taisykles-1.docx\">7-priedas. Vaizdo duomen\u0173 tvarkymo taisykl\u0117s<\/a><br \/>\n<a href=\"http:\/\/www2020.vu.lt\/wp-content\/uploads\/2020\/02\/15-Priedas-Duomenu-subjektu-teisiu-igyvendinimo-tvarka-1.docx\">15-priedas. Duomen\u0173 subjekt\u0173 teisi\u0173 igyvendinimo tvarka<\/a><\/p>\n","protected":false},"excerpt":{"rendered":"<p>Vilniaus r. Mick\u016bn\u0173 gimnazijos Duomen\u0173 apsaugos pareig\u016bnas \u012egyvendinant Bendrojo duomen\u0173 apsaugos reglamento reikalavimus Vilniaus r. Mick\u016bn\u0173 gimnazijos Duomen\u0173 apsaugos pareig\u016bnu paskirta informacini\u0173 technologij\u0173 mokytoja Jolanta Kozlovskien\u0117. Duomen\u0173 apsaugos pareig\u016bnas vykdo u\u017eduotis, vadovaudamasis 2016 m. baland\u017eio 27 d. Europos Parlamento ir &hellip; <a href=\"https:\/\/www.mickunai.vilniausr.lm.lt\/?page_id=25143&#038;lang=LT\">Skaitykite toliau <span class=\"meta-nav\">&rarr;<\/span><\/a><\/p>\n","protected":false},"author":1,"featured_media":0,"parent":0,"menu_order":8,"comment_status":"closed","ping_status":"closed","template":"","meta":[],"_links":{"self":[{"href":"https:\/\/www.mickunai.vilniausr.lm.lt\/index.php?rest_route=\/wp\/v2\/pages\/25143"}],"collection":[{"href":"https:\/\/www.mickunai.vilniausr.lm.lt\/index.php?rest_route=\/wp\/v2\/pages"}],"about":[{"href":"https:\/\/www.mickunai.vilniausr.lm.lt\/index.php?rest_route=\/wp\/v2\/types\/page"}],"author":[{"embeddable":true,"href":"https:\/\/www.mickunai.vilniausr.lm.lt\/index.php?rest_route=\/wp\/v2\/users\/1"}],"replies":[{"embeddable":true,"href":"https:\/\/www.mickunai.vilniausr.lm.lt\/index.php?rest_route=%2Fwp%2Fv2%2Fcomments&post=25143"}],"version-history":[{"count":21,"href":"https:\/\/www.mickunai.vilniausr.lm.lt\/index.php?rest_route=\/wp\/v2\/pages\/25143\/revisions"}],"predecessor-version":[{"id":32411,"href":"https:\/\/www.mickunai.vilniausr.lm.lt\/index.php?rest_route=\/wp\/v2\/pages\/25143\/revisions\/32411"}],"wp:attachment":[{"href":"https:\/\/www.mickunai.vilniausr.lm.lt\/index.php?rest_route=%2Fwp%2Fv2%2Fmedia&parent=25143"}],"curies":[{"name":"wp","href":"https:\/\/api.w.org\/{rel}","templated":true}]}}