{"id":24770,"date":"2020-01-23T14:44:51","date_gmt":"2020-01-23T14:44:51","guid":{"rendered":"http:\/\/www2020.vu.lt\/?page_id=24770"},"modified":"2022-01-05T10:01:07","modified_gmt":"2022-01-05T10:01:07","slug":"zipio-draugai","status":"publish","type":"page","link":"https:\/\/www.mickunai.vilniausr.lm.lt\/?page_id=24770&amp;lang=LT","title":{"rendered":"\u201eZipio draugai\u201c"},"content":{"rendered":"<p>Antrus metus Vilniaus raj. Mick\u016bn\u0173 gimnazija dalyvauja tarptautin\u0117je programoje \u201eZipio draugai\u201c, kurios tikslas \u2013 pad\u0117ti 5\u20137 met\u0173 vaikams \u012fgyti socialini\u0173 bei emocini\u0173 sunkum\u0173 \u012fveikimo geb\u0117jim\u0173, siekiant geresn\u0117s vaik\u0173 emocin\u0117s savijautos. Programoje dalyvauja prie\u0161mokyklin\u0117s grup\u0117s vaikai, o u\u017esi\u0117mimus jiems veda soc. pedagog\u0117 D. Oberlian.<br \/>\nPrograma \u201eZipio draugai\u201c moko vaikus, kaip \u012fveikti kasdienius emocinius sunkumus: atst\u016bmim\u0105, vienatv\u0119, paty\u010dias ar priekabiavim\u0105, sunkius poky\u010dius. Padeda suvokti ir skatina kalb\u0117ti apie savo jausmus, ie\u0161koti b\u016bd\u0173 su tais jausmais susitvarkyti. Moko vaikus empatijos, susirasti draug\u0173, kreiptis paramos ir j\u0105 priimti bei pad\u0117ti aplinkiniams. Padeda ne tik nesileisti b\u016bti paty\u010di\u0173 aukomis,  bet ir patiems netapti priekabiautojais. Programa ne tik padeda vaikams \u012fveikti juos i\u0161tikusius sunkumus, bet ir parodyti, kaip svarbu kalb\u0117tis<br \/>\nsu kitais \u017emon\u0117mis, kai apima li\u016bdesys ar pyktis, ir kaip svarbu i\u0161klausyti kitus, kai jiems li\u016bdna ar pikta.<br \/>\nSkiriama daug d\u0117mesio vaiko geb\u0117jimui priimti ir suteikti pagalb\u0105.<br \/>\nProgram\u0105 ,,Zipio draugai\u201c sudaro 6 dalys arba moduliai. Kiekviena dalis padalinta \u012f keturias savaitines<br \/>\nvaland\u0117les. Kiekviena dalis skirta kitai temai:<br \/>\n1 dalis \u2013 Jausmai<br \/>\n2 dalis \u2013 Bendravimas<br \/>\n3 dalis \u2013 Tarpusavio santyki\u0173 u\u017emezgimas ir nutraukimas<br \/>\n4 dalis \u2013 Konflikt\u0173 sprendimas<br \/>\n5 dalis \u2013 Pasikeitimo ir netekties i\u0161gyvenimas<br \/>\n6 dalis \u2013 \u012eveikiame<\/p>\n<p>Daugiau informacijos rasite \u010dia:<br \/>\n<a href=\"https:\/\/www.vaikolabui.lt\/zipio-draugai\/\">ZIPIO DRAUGAI<\/a><br \/>\n<a href=\"http:\/\/www2020.vu.lt\/wp-content\/uploads\/2020\/01\/zipio-draugai.jpg\"><img decoding=\"async\" loading=\"lazy\" src=\"http:\/\/www2020.vu.lt\/wp-content\/uploads\/2020\/01\/zipio-draugai.jpg\" alt=\"zipio-draugai\" width=\"972\" height=\"142\" class=\"aligncenter size-full wp-image-24775\" srcset=\"https:\/\/www.mickunai.vilniausr.lm.lt\/wp-content\/uploads\/2020\/01\/zipio-draugai.jpg 972w, https:\/\/www.mickunai.vilniausr.lm.lt\/wp-content\/uploads\/2020\/01\/zipio-draugai-300x44.jpg 300w, https:\/\/www.mickunai.vilniausr.lm.lt\/wp-content\/uploads\/2020\/01\/zipio-draugai-768x112.jpg 768w\" sizes=\"(max-width: 972px) 100vw, 972px\" \/><\/a><\/p>\n","protected":false},"excerpt":{"rendered":"<p>Antrus metus Vilniaus raj. Mick\u016bn\u0173 gimnazija dalyvauja tarptautin\u0117je programoje \u201eZipio draugai\u201c, kurios tikslas \u2013 pad\u0117ti 5\u20137 met\u0173 vaikams \u012fgyti socialini\u0173 bei emocini\u0173 sunkum\u0173 \u012fveikimo geb\u0117jim\u0173, siekiant geresn\u0117s vaik\u0173 emocin\u0117s savijautos. Programoje dalyvauja prie\u0161mokyklin\u0117s grup\u0117s vaikai, o u\u017esi\u0117mimus jiems veda soc. &hellip; <a href=\"https:\/\/www.mickunai.vilniausr.lm.lt\/?page_id=24770&#038;lang=LT\">Skaitykite toliau <span class=\"meta-nav\">&rarr;<\/span><\/a><\/p>\n","protected":false},"author":1,"featured_media":0,"parent":28562,"menu_order":0,"comment_status":"closed","ping_status":"closed","template":"","meta":[],"_links":{"self":[{"href":"https:\/\/www.mickunai.vilniausr.lm.lt\/index.php?rest_route=\/wp\/v2\/pages\/24770"}],"collection":[{"href":"https:\/\/www.mickunai.vilniausr.lm.lt\/index.php?rest_route=\/wp\/v2\/pages"}],"about":[{"href":"https:\/\/www.mickunai.vilniausr.lm.lt\/index.php?rest_route=\/wp\/v2\/types\/page"}],"author":[{"embeddable":true,"href":"https:\/\/www.mickunai.vilniausr.lm.lt\/index.php?rest_route=\/wp\/v2\/users\/1"}],"replies":[{"embeddable":true,"href":"https:\/\/www.mickunai.vilniausr.lm.lt\/index.php?rest_route=%2Fwp%2Fv2%2Fcomments&post=24770"}],"version-history":[{"count":5,"href":"https:\/\/www.mickunai.vilniausr.lm.lt\/index.php?rest_route=\/wp\/v2\/pages\/24770\/revisions"}],"predecessor-version":[{"id":24777,"href":"https:\/\/www.mickunai.vilniausr.lm.lt\/index.php?rest_route=\/wp\/v2\/pages\/24770\/revisions\/24777"}],"up":[{"embeddable":true,"href":"https:\/\/www.mickunai.vilniausr.lm.lt\/index.php?rest_route=\/wp\/v2\/pages\/28562"}],"wp:attachment":[{"href":"https:\/\/www.mickunai.vilniausr.lm.lt\/index.php?rest_route=%2Fwp%2Fv2%2Fmedia&parent=24770"}],"curies":[{"name":"wp","href":"https:\/\/api.w.org\/{rel}","templated":true}]}}