{"id":24765,"date":"2020-01-23T14:39:56","date_gmt":"2020-01-23T14:39:56","guid":{"rendered":"http:\/\/www2020.vu.lt\/?page_id=24765"},"modified":"2022-01-05T10:03:39","modified_gmt":"2022-01-05T10:03:39","slug":"programa-iveikiame-kartu","status":"publish","type":"page","link":"https:\/\/www.mickunai.vilniausr.lm.lt\/?page_id=24765&amp;lang=LT","title":{"rendered":"Programa \u201e\u012eveikiame kartu\u201c"},"content":{"rendered":"<p>\u0160iais mokslo metais  4 klas\u0117s mokiniams m\u016bs\u0173 mokykloje vykdoma ankstyvosios prevencijos programa \u201e\u012eveikiame kartu\u201c.<br \/>\nU\u017esi\u0117mim\u0173 metu vaikai mokosi atpa\u017einti savo jausmus, mokosi \u012f\u017evelgti juos suk\u0117lusias prie\u017eastis, \u012fvardinti situacijas, kuriose jie kilo, ai\u0161kinasi, kokie jausm\u0173 rai\u0161kos b\u016bdai yra priimtini pa\u010diam vaikui ir kitiems. Jie mokosi problem\u0173 atpa\u017einimo ir sprendimo strategij\u0173, mokosi pasakyti \u201ene\u201c. Vaikai ugdosi geb\u0117jimus ie\u0161koti i\u0161ei\u010di\u0173, kurios pad\u0117t\u0173 pasijusti geriau, numatyti j\u0173 taikymo pasekmes sau ir kitiems, mokosi nes\u0117km\u0117s pri\u0117mimo ir \u012fveikimo b\u016bd\u0173, atpa\u017einti ir i\u0161taisyti netinkam\u0105 savo elges\u012f bei pra\u0161yti ir teikti pagalb\u0105. \u0160ie geb\u0117jimai padeda vaikams \u012fveikti jaudinimosi, nerimo, baim\u0117s jausmus, susijusius su nauja situacija \u2013 mokyklos lankymu, tvarkytis su bendravimo problemomis: \u012fveikti atst\u016bmim\u0105, vieni\u0161um\u0105, drovum\u0105, u\u017emegzti ir palaikyti draugi\u0161kus santykius, spr\u0119sti konfliktus. \u012egyti \u012fg\u016bd\u017eiai padeda vaikams tvarkytis su paty\u010di\u0173, pajuokos situacijomis, atpa\u017einti riziking\u0105 elges\u012f ir jo vengti. Sunkum\u0173 \u012fveikimo \u012fg\u016bd\u017eiai padeda tvarkytis su kalt\u0117s, pyk\u010dio, nevilties b\u016bsenomis, susilaikant nuo agresyvi\u0173 veiksm\u0173, kreipiantis pagalbos.<br \/>\n\u0160i\u0105 program\u0105 mokykloje \u012fgyvendina mokytoja Emilija Oberlian<br \/>\nDaugiau informacijos nuorodoje:<br \/>\n<a href=\"https:\/\/www.vaikolabui.lt\/iveikime-kartu\/\">VAIKO LABUI<\/a><br \/>\n<a href=\"http:\/\/www2020.vu.lt\/wp-content\/uploads\/2020\/01\/vaiko-labui.jpg\"><img decoding=\"async\" loading=\"lazy\" src=\"http:\/\/www2020.vu.lt\/wp-content\/uploads\/2020\/01\/vaiko-labui.jpg\" alt=\"vaiko-labui\" width=\"500\" height=\"602\" class=\"aligncenter size-full wp-image-24768\" srcset=\"https:\/\/www.mickunai.vilniausr.lm.lt\/wp-content\/uploads\/2020\/01\/vaiko-labui.jpg 500w, https:\/\/www.mickunai.vilniausr.lm.lt\/wp-content\/uploads\/2020\/01\/vaiko-labui-249x300.jpg 249w\" sizes=\"(max-width: 500px) 100vw, 500px\" \/><\/a><\/p>\n","protected":false},"excerpt":{"rendered":"<p>\u0160iais mokslo metais 4 klas\u0117s mokiniams m\u016bs\u0173 mokykloje vykdoma ankstyvosios prevencijos programa \u201e\u012eveikiame kartu\u201c. U\u017esi\u0117mim\u0173 metu vaikai mokosi atpa\u017einti savo jausmus, mokosi \u012f\u017evelgti juos suk\u0117lusias prie\u017eastis, \u012fvardinti situacijas, kuriose jie kilo, ai\u0161kinasi, kokie jausm\u0173 rai\u0161kos b\u016bdai yra priimtini pa\u010diam vaikui &hellip; <a href=\"https:\/\/www.mickunai.vilniausr.lm.lt\/?page_id=24765&#038;lang=LT\">Skaitykite toliau <span class=\"meta-nav\">&rarr;<\/span><\/a><\/p>\n","protected":false},"author":1,"featured_media":0,"parent":28562,"menu_order":0,"comment_status":"closed","ping_status":"closed","template":"","meta":[],"_links":{"self":[{"href":"https:\/\/www.mickunai.vilniausr.lm.lt\/index.php?rest_route=\/wp\/v2\/pages\/24765"}],"collection":[{"href":"https:\/\/www.mickunai.vilniausr.lm.lt\/index.php?rest_route=\/wp\/v2\/pages"}],"about":[{"href":"https:\/\/www.mickunai.vilniausr.lm.lt\/index.php?rest_route=\/wp\/v2\/types\/page"}],"author":[{"embeddable":true,"href":"https:\/\/www.mickunai.vilniausr.lm.lt\/index.php?rest_route=\/wp\/v2\/users\/1"}],"replies":[{"embeddable":true,"href":"https:\/\/www.mickunai.vilniausr.lm.lt\/index.php?rest_route=%2Fwp%2Fv2%2Fcomments&post=24765"}],"version-history":[{"count":2,"href":"https:\/\/www.mickunai.vilniausr.lm.lt\/index.php?rest_route=\/wp\/v2\/pages\/24765\/revisions"}],"predecessor-version":[{"id":24769,"href":"https:\/\/www.mickunai.vilniausr.lm.lt\/index.php?rest_route=\/wp\/v2\/pages\/24765\/revisions\/24769"}],"up":[{"embeddable":true,"href":"https:\/\/www.mickunai.vilniausr.lm.lt\/index.php?rest_route=\/wp\/v2\/pages\/28562"}],"wp:attachment":[{"href":"https:\/\/www.mickunai.vilniausr.lm.lt\/index.php?rest_route=%2Fwp%2Fv2%2Fmedia&parent=24765"}],"curies":[{"name":"wp","href":"https:\/\/api.w.org\/{rel}","templated":true}]}}