{"id":1712,"date":"2012-02-29T10:26:24","date_gmt":"2012-02-29T10:26:24","guid":{"rendered":"http:\/\/www2020.vu.lt\/?page_id=1712"},"modified":"2025-03-31T10:36:11","modified_gmt":"2025-03-31T10:36:11","slug":"kontaktai","status":"publish","type":"page","link":"https:\/\/www.mickunai.vilniausr.lm.lt\/?page_id=1712&amp;lang=LT","title":{"rendered":"Kontaktai"},"content":{"rendered":"<p><a href=\"http:\/\/www.maps.lt\/map\/default.aspx?lang=lt#obj=597702;6063620;Pa%C5%BEym%C4%97tas%20ta%C5%A1kas;&amp;xy=597698,6063585&amp;z=1000&amp;lrs=vector,stops,zebra\"><img decoding=\"async\" loading=\"lazy\" class=\"alignleft size-thumbnail wp-image-580\" title=\"\u017dem\u0117lapis\" src=\"http:\/\/www2020.vu.lt\/wp-content\/uploads\/2010\/09\/zemelapis-150x150.jpg\" alt=\"\" width=\"150\" height=\"150\" \/><\/a><\/p>\n<p>Mokyklos vizitin\u0117 kortel\u0117:<br \/>\nMokyklos pavadinimas: Vilniaus r. Mick\u016bn\u0173 gimnazija<br \/>\nAdresas: Mi\u0161ko g. 2B, LT-13116, Mick\u016bnai, Vilniaus r. sav.<br \/>\n\u012estaigos kodas: 191315786, ne PVM mok\u0117toja<br \/>\nTel. Nr. +370 (5) 238 6387, mob. tel. +370 (640) 28 674, pa\u0161tas: gimnazija@mickunai.vilniausr.lm.lt<br \/>\nDirektor\u0117: Malgo\u017eata Radevi\u010d<br \/>\nMokyklos tipas: gimnazija<br \/>\nMokomoji kalba: lenk\u0173<\/p>\n<p><a href=\"http:\/\/www2020.vu.lt\/wp-content\/uploads\/2010\/11\/Mokytoj\u0173-s\u0105ra\u0161as-2022-2.doc\">MOKYTOJ\u0172 S\u0104RA\u0160AS IR KONTAKTIN\u0116 INFORMACIJA<\/a><\/p>\n<p><a href=\"http:\/\/www.visalietuva.lt\/imones\/info\/vilniaus-r-mickunu-vidurine-mokykla-skaisteriu-pradinio-ugdymo-skyrius?ip=2\"><img decoding=\"async\" loading=\"lazy\" class=\"alignleft size-medium wp-image-719\" title=\"\u017eem\u0117lapis\" src=\"http:\/\/www2020.vu.lt\/wp-content\/uploads\/2012\/01\/\u017eem\u0117lapis1-300x229.jpg\" alt=\"\" width=\"300\" height=\"229\" \/><\/a><\/p>\n","protected":false},"excerpt":{"rendered":"<p>Mokyklos vizitin\u0117 kortel\u0117: Mokyklos pavadinimas: Vilniaus r. Mick\u016bn\u0173 gimnazija Adresas: Mi\u0161ko g. 2B, LT-13116, Mick\u016bnai, Vilniaus r. sav. \u012estaigos kodas: 191315786, ne PVM mok\u0117toja Tel. Nr. +370 (5) 238 6387, mob. tel. +370 (640) 28 674, pa\u0161tas: gimnazija@mickunai.vilniausr.lm.lt Direktor\u0117: Malgo\u017eata &hellip; <a href=\"https:\/\/www.mickunai.vilniausr.lm.lt\/?page_id=1712&#038;lang=LT\">Skaitykite toliau <span class=\"meta-nav\">&rarr;<\/span><\/a><\/p>\n","protected":false},"author":1,"featured_media":0,"parent":25145,"menu_order":0,"comment_status":"closed","ping_status":"closed","template":"","meta":[],"_links":{"self":[{"href":"https:\/\/www.mickunai.vilniausr.lm.lt\/index.php?rest_route=\/wp\/v2\/pages\/1712"}],"collection":[{"href":"https:\/\/www.mickunai.vilniausr.lm.lt\/index.php?rest_route=\/wp\/v2\/pages"}],"about":[{"href":"https:\/\/www.mickunai.vilniausr.lm.lt\/index.php?rest_route=\/wp\/v2\/types\/page"}],"author":[{"embeddable":true,"href":"https:\/\/www.mickunai.vilniausr.lm.lt\/index.php?rest_route=\/wp\/v2\/users\/1"}],"replies":[{"embeddable":true,"href":"https:\/\/www.mickunai.vilniausr.lm.lt\/index.php?rest_route=%2Fwp%2Fv2%2Fcomments&post=1712"}],"version-history":[{"count":22,"href":"https:\/\/www.mickunai.vilniausr.lm.lt\/index.php?rest_route=\/wp\/v2\/pages\/1712\/revisions"}],"predecessor-version":[{"id":38793,"href":"https:\/\/www.mickunai.vilniausr.lm.lt\/index.php?rest_route=\/wp\/v2\/pages\/1712\/revisions\/38793"}],"up":[{"embeddable":true,"href":"https:\/\/www.mickunai.vilniausr.lm.lt\/index.php?rest_route=\/wp\/v2\/pages\/25145"}],"wp:attachment":[{"href":"https:\/\/www.mickunai.vilniausr.lm.lt\/index.php?rest_route=%2Fwp%2Fv2%2Fmedia&parent=1712"}],"curies":[{"name":"wp","href":"https:\/\/api.w.org\/{rel}","templated":true}]}}