{"id":16038,"date":"2017-04-12T10:43:33","date_gmt":"2017-04-12T10:43:33","guid":{"rendered":"http:\/\/www2020.vu.lt\/?page_id=16038"},"modified":"2026-01-05T12:22:22","modified_gmt":"2026-01-05T12:22:22","slug":"viesieji-pirkimai","status":"publish","type":"page","link":"https:\/\/www.mickunai.vilniausr.lm.lt\/?page_id=16038&amp;lang=LT","title":{"rendered":"Vie\u0161ieji pirkimai"},"content":{"rendered":"<p><a href=\"http:\/\/www2020.vu.lt\/wp-content\/uploads\/2017\/04\/AR_2020-07-01.pdf\">Lietuvos Respublikos vie\u0161\u0173j\u0173 pirkim\u0173 \u012fstatymas<\/a><\/p>\n<p>Aplinkos apsaugos kriterij\u0173 taikymo, vykdant \u017ealiuosius pirkimus, tvarkos apra\u0161as bei Produkt\u0173, kuri\u0173 vie\u0161iesiems pirkimams ir pirkimams taikytini minimal\u016bs aplinkos apsaugos kriterijai, s\u0105ra\u0161as<br \/>\n<a href=\"https:\/\/www.e-tar.lt\/portal\/lt\/legalAct\/TAR.4B60A8C9678B\/asr\">https:\/\/www.e-tar.lt\/portal\/lt\/legalAct\/TAR.4B60A8C9678B\/asr<\/a><\/p>\n<p>Vilniaus r. Mick\u016bn\u0173 gimnazijos ma\u017eos vert\u0117s vie\u0161ieji pirkimai organizuojami vadovaujantis <a href=\"https:\/\/www.e-tar.lt\/portal\/lt\/legalAct\/a0f25f005ca411e79198ffdb108a3753\">Vie\u0161\u0173j\u0173 pirkim\u0173 tarnybos direktoriaus patvirtintu Ma\u017eos vert\u0117s pirkim\u0173 tvarkos apra\u0161u<\/a><\/p>\n<p>Vilniaus r. Mick\u016bn\u0173 gimnazijos vie\u0161\u0173j\u0173 pirkim\u0173 dokumentai skelbiami Centrin\u0117je vie\u0161\u0173j\u0173 pirkim\u0173 informacin\u0117je sistemoje (CVP IS) <a href=\"http:\/\/www.cvpp.lt\">www.cvpp.lt<\/a><\/p>\n<p>Vie\u0161\u0173j\u0173 pirkim\u0173 tarnyba <a href=\"https:\/\/vpt.lrv.lt\/lt\">https:\/\/vpt.lrv.lt\/lt<\/a><\/p>\n<p>&nbsp;<\/p>\n","protected":false},"excerpt":{"rendered":"<p>Lietuvos Respublikos vie\u0161\u0173j\u0173 pirkim\u0173 \u012fstatymas Aplinkos apsaugos kriterij\u0173 taikymo, vykdant \u017ealiuosius pirkimus, tvarkos apra\u0161as bei Produkt\u0173, kuri\u0173 vie\u0161iesiems pirkimams ir pirkimams taikytini minimal\u016bs aplinkos apsaugos kriterijai, s\u0105ra\u0161as https:\/\/www.e-tar.lt\/portal\/lt\/legalAct\/TAR.4B60A8C9678B\/asr Vilniaus r. Mick\u016bn\u0173 gimnazijos ma\u017eos vert\u0117s vie\u0161ieji pirkimai organizuojami vadovaujantis Vie\u0161\u0173j\u0173 pirkim\u0173 &hellip; <a href=\"https:\/\/www.mickunai.vilniausr.lm.lt\/?page_id=16038&#038;lang=LT\">Skaitykite toliau <span class=\"meta-nav\">&rarr;<\/span><\/a><\/p>\n","protected":false},"author":1,"featured_media":0,"parent":8297,"menu_order":0,"comment_status":"closed","ping_status":"closed","template":"","meta":[],"_links":{"self":[{"href":"https:\/\/www.mickunai.vilniausr.lm.lt\/index.php?rest_route=\/wp\/v2\/pages\/16038"}],"collection":[{"href":"https:\/\/www.mickunai.vilniausr.lm.lt\/index.php?rest_route=\/wp\/v2\/pages"}],"about":[{"href":"https:\/\/www.mickunai.vilniausr.lm.lt\/index.php?rest_route=\/wp\/v2\/types\/page"}],"author":[{"embeddable":true,"href":"https:\/\/www.mickunai.vilniausr.lm.lt\/index.php?rest_route=\/wp\/v2\/users\/1"}],"replies":[{"embeddable":true,"href":"https:\/\/www.mickunai.vilniausr.lm.lt\/index.php?rest_route=%2Fwp%2Fv2%2Fcomments&post=16038"}],"version-history":[{"count":15,"href":"https:\/\/www.mickunai.vilniausr.lm.lt\/index.php?rest_route=\/wp\/v2\/pages\/16038\/revisions"}],"predecessor-version":[{"id":40483,"href":"https:\/\/www.mickunai.vilniausr.lm.lt\/index.php?rest_route=\/wp\/v2\/pages\/16038\/revisions\/40483"}],"up":[{"embeddable":true,"href":"https:\/\/www.mickunai.vilniausr.lm.lt\/index.php?rest_route=\/wp\/v2\/pages\/8297"}],"wp:attachment":[{"href":"https:\/\/www.mickunai.vilniausr.lm.lt\/index.php?rest_route=%2Fwp%2Fv2%2Fmedia&parent=16038"}],"curies":[{"name":"wp","href":"https:\/\/api.w.org\/{rel}","templated":true}]}}