{"id":16035,"date":"2017-04-12T10:05:52","date_gmt":"2017-04-12T10:05:52","guid":{"rendered":"http:\/\/www2020.vu.lt\/?page_id=16035"},"modified":"2024-04-22T08:15:17","modified_gmt":"2024-04-22T08:15:17","slug":"darbo-uzmokestis","status":"publish","type":"page","link":"https:\/\/www.mickunai.vilniausr.lm.lt\/?page_id=16035&amp;lang=LT","title":{"rendered":"Darbo u\u017emokestis"},"content":{"rendered":"<table style=\"width: 104.374%; border-style: outset; border-color: #400505; height: 922px;\" width=\"128.592%\">\n<tbody>\n<tr>\n<td style=\"width: 45.4688%;\" width=\"283\"><strong>Pareigyb\u0117s pavadinimas<\/strong><\/td>\n<td style=\"width: 35.9375%;\" width=\"213\"><strong>Darbuotoj\u0173, einan\u010di\u0173 \u0161ias pareigas, skai\u010dius<\/strong><\/td>\n<td style=\"width: 44.055%; text-align: center;\"><strong>2023 m. I ketvirtis<\/strong><\/td>\n<\/tr>\n<tr>\n<td style=\"width: 45.4688%;\" width=\"283\"><strong>Direktorius<\/strong><\/td>\n<td style=\"width: 35.9375%; text-align: center;\" width=\"213\">\n<p style=\"text-align: center;\">1<\/p>\n<\/td>\n<td style=\"width: 44.055%;\">3041.10<\/td>\n<\/tr>\n<tr>\n<td style=\"width: 45.4688%;\" width=\"283\"><strong>Direktoriaus pavaduotojas ugdymui<\/strong><\/td>\n<td style=\"width: 35.9375%; text-align: center;\" width=\"213\">2<\/td>\n<td style=\"width: 44.055%;\">2778.84<\/td>\n<\/tr>\n<tr>\n<td style=\"width: 45.4688%;\" width=\"283\"><strong>Direktoriaus pavaduotojas \u016bkio reikalams<\/strong><\/td>\n<td style=\"width: 35.9375%; text-align: center;\" width=\"213\">2<\/td>\n<td style=\"width: 44.055%;\">1071.24<\/td>\n<\/tr>\n<tr>\n<td style=\"width: 45.4688%;\" width=\"283\"><strong>Mokytojas<\/strong><\/td>\n<td style=\"width: 35.9375%; text-align: center;\" width=\"213\">52<\/td>\n<td style=\"width: 44.055%;\">2180.00<\/td>\n<\/tr>\n<tr>\n<td style=\"width: 45.4688%;\" width=\"283\"><strong>Pagalbos mokiniui specialistas<\/strong><\/td>\n<td style=\"width: 35.9375%; text-align: center;\" width=\"213\">2<\/td>\n<td style=\"width: 44.055%;\">374.94<\/td>\n<\/tr>\n<tr>\n<td style=\"width: 45.4688%;\" width=\"283\"><strong>Bibliotekininkas<\/strong><\/td>\n<td style=\"width: 35.9375%; text-align: center;\" width=\"213\">1<\/td>\n<td style=\"width: 44.055%;\">1320.60<\/td>\n<\/tr>\n<tr>\n<td style=\"width: 45.4688%;\" width=\"283\"><strong>Ra\u0161tin\u0117s ved\u0117ja<\/strong><\/td>\n<td style=\"width: 35.9375%; text-align: center;\" width=\"213\">1<\/td>\n<td style=\"width: 44.055%;\">1134.60<\/td>\n<\/tr>\n<tr>\n<td style=\"width: 45.4688%;\" width=\"283\"><strong>Informatikas in\u017einierius<\/strong><\/td>\n<td style=\"width: 35.9375%; text-align: center;\" width=\"213\">2<\/td>\n<td style=\"width: 44.055%;\">1312.27<\/td>\n<\/tr>\n<tr>\n<td style=\"width: 45.4688%;\" width=\"283\"><strong>Laborantas<\/strong><\/td>\n<td style=\"width: 35.9375%; text-align: center;\" width=\"213\">2<\/td>\n<td style=\"width: 44.055%;\">1060.20<\/td>\n<\/tr>\n<tr>\n<td style=\"width: 45.4688%;\" width=\"283\"><strong>Mokytojo pad\u0117j\u0117jas<\/strong><\/td>\n<td style=\"width: 35.9375%; text-align: center;\" width=\"213\">2<\/td>\n<td style=\"width: 44.055%;\">1060.20<\/td>\n<\/tr>\n<tr>\n<td style=\"width: 45.4688%;\" width=\"283\"><strong>Vairuotojas<\/strong><\/td>\n<td style=\"width: 35.9375%; text-align: center;\" width=\"213\">2<\/td>\n<td style=\"width: 44.055%;\">1218.54<\/td>\n<\/tr>\n<tr>\n<td style=\"width: 45.4688%;\" width=\"283\"><strong>Valytojas<\/strong><\/td>\n<td style=\"width: 35.9375%; text-align: center;\" width=\"213\">7<\/td>\n<td style=\"width: 44.055%;\">924.00<\/td>\n<\/tr>\n<tr>\n<td style=\"width: 45.4688%;\" width=\"283\"><strong>Vir\u0117jas<\/strong><\/td>\n<td style=\"width: 35.9375%; text-align: center;\" width=\"213\">2<\/td>\n<td style=\"width: 44.055%;\">1218.54<\/td>\n<\/tr>\n<tr>\n<td style=\"width: 45.4688%;\" width=\"283\"><strong>Vyr. Vir\u0117jas<\/strong><\/td>\n<td style=\"width: 35.9375%; text-align: center;\" width=\"213\">1<\/td>\n<td style=\"width: 44.055%;\">1312.27<\/td>\n<\/tr>\n<tr>\n<td style=\"width: 45.4688%;\" width=\"283\"><strong>Kiemsargis<\/strong><\/td>\n<td style=\"width: 35.9375%; text-align: center;\" width=\"213\">2<\/td>\n<td style=\"width: 44.055%;\">924.00<\/td>\n<\/tr>\n<tr>\n<td style=\"width: 45.4688%;\" width=\"283\"><strong>Sargas<\/strong><\/td>\n<td style=\"width: 35.9375%; text-align: center;\" width=\"213\">2<\/td>\n<td style=\"width: 44.055%;\">924.00<\/td>\n<\/tr>\n<tr>\n<td style=\"width: 45.4688%;\" width=\"283\"><strong>Stadiono koordinatorius<\/strong><\/td>\n<td style=\"width: 35.9375%; text-align: center;\" width=\"213\">1<\/td>\n<td style=\"width: 44.055%;\">609.27<\/td>\n<\/tr>\n<tr>\n<td style=\"width: 45.4688%;\" width=\"283\"><strong>Pagalbinis darbuotojas<\/strong><\/td>\n<td style=\"width: 35.9375%; text-align: center;\" width=\"213\">1<\/td>\n<td style=\"width: 44.055%;\">924.00<\/td>\n<\/tr>\n<tr>\n<td style=\"width: 45.4688%;\" width=\"283\"><strong>Ein. remonto darbininkas<\/strong><\/td>\n<td style=\"width: 35.9375%; text-align: center;\" width=\"213\">5<\/td>\n<td style=\"width: 44.055%;\">924.00<\/td>\n<\/tr>\n<tr>\n<td style=\"width: 45.4688%;\" width=\"283\"><strong>K\u016brikas<\/strong><\/td>\n<td style=\"width: 35.9375%; text-align: center;\" width=\"213\">1<\/td>\n<td style=\"width: 44.055%;\">924.00<\/td>\n<\/tr>\n<tr>\n<td style=\"width: 45.4688%;\" width=\"283\"><strong>Drabu\u017eininkas<\/strong><\/td>\n<td style=\"width: 35.9375%; text-align: center;\" width=\"213\">1<\/td>\n<td style=\"width: 44.055%;\">924.00<\/td>\n<\/tr>\n<\/tbody>\n<\/table>\n<p>&nbsp;<\/p>\n","protected":false},"excerpt":{"rendered":"<p>Pareigyb\u0117s pavadinimas Darbuotoj\u0173, einan\u010di\u0173 \u0161ias pareigas, skai\u010dius 2023 m. I ketvirtis Direktorius 1 3041.10 Direktoriaus pavaduotojas ugdymui 2 2778.84 Direktoriaus pavaduotojas \u016bkio reikalams 2 1071.24 Mokytojas 52 2180.00 Pagalbos mokiniui specialistas 2 374.94 Bibliotekininkas 1 1320.60 Ra\u0161tin\u0117s ved\u0117ja 1 1134.60 &hellip; <a href=\"https:\/\/www.mickunai.vilniausr.lm.lt\/?page_id=16035&#038;lang=LT\">Skaitykite toliau <span class=\"meta-nav\">&rarr;<\/span><\/a><\/p>\n","protected":false},"author":1,"featured_media":0,"parent":8297,"menu_order":0,"comment_status":"closed","ping_status":"closed","template":"","meta":[],"_links":{"self":[{"href":"https:\/\/www.mickunai.vilniausr.lm.lt\/index.php?rest_route=\/wp\/v2\/pages\/16035"}],"collection":[{"href":"https:\/\/www.mickunai.vilniausr.lm.lt\/index.php?rest_route=\/wp\/v2\/pages"}],"about":[{"href":"https:\/\/www.mickunai.vilniausr.lm.lt\/index.php?rest_route=\/wp\/v2\/types\/page"}],"author":[{"embeddable":true,"href":"https:\/\/www.mickunai.vilniausr.lm.lt\/index.php?rest_route=\/wp\/v2\/users\/1"}],"replies":[{"embeddable":true,"href":"https:\/\/www.mickunai.vilniausr.lm.lt\/index.php?rest_route=%2Fwp%2Fv2%2Fcomments&post=16035"}],"version-history":[{"count":8,"href":"https:\/\/www.mickunai.vilniausr.lm.lt\/index.php?rest_route=\/wp\/v2\/pages\/16035\/revisions"}],"predecessor-version":[{"id":35774,"href":"https:\/\/www.mickunai.vilniausr.lm.lt\/index.php?rest_route=\/wp\/v2\/pages\/16035\/revisions\/35774"}],"up":[{"embeddable":true,"href":"https:\/\/www.mickunai.vilniausr.lm.lt\/index.php?rest_route=\/wp\/v2\/pages\/8297"}],"wp:attachment":[{"href":"https:\/\/www.mickunai.vilniausr.lm.lt\/index.php?rest_route=%2Fwp%2Fv2%2Fmedia&parent=16035"}],"curies":[{"name":"wp","href":"https:\/\/api.w.org\/{rel}","templated":true}]}}