{"id":117,"date":"2010-11-11T12:44:34","date_gmt":"2010-11-11T12:44:34","guid":{"rendered":"http:\/\/www2020.vu.lt\/?page_id=117"},"modified":"2026-01-12T13:51:59","modified_gmt":"2026-01-12T13:51:59","slug":"mokiniai","status":"publish","type":"page","link":"https:\/\/www.mickunai.vilniausr.lm.lt\/?page_id=117&amp;lang=LT","title":{"rendered":"Mokytoj\u0173 taryba"},"content":{"rendered":"<p>Mokytoj\u0173 taryba \u2013 Gimnazijos savivaldos institucija, atstovaujanti  mokytoj\u0173 interesams ir sprend\u017eianti mokytojams aktualias problemas. Mokytoj\u0173 tarybos pirminink\u0105 renka tarybos nariai vieneriems kalendoriams metams bals\u0173 dauguma.<\/p>\n<p>Mokytoj\u0173 taryba sudaroma 3 met\u0173 kadencijai i\u0161 9 Gimnazijos mokytoj\u0173, i\u0161rinkt\u0173 visuotiniame Gimnazijos mokytoj\u0173 susirinkime atviru balsavimu bals\u0173 dauguma, trej\u0173 met\u0173 kadencijai. Mokytoj\u0173 tarybos pirmasis pos\u0117dis \u0161aukiamas Direktoriaus iniciatyva. Pirmojo pos\u0117d\u017eio metu atviru balsavimu, bals\u0173 dauguma renkamas Mokytoj\u0173 tarybos pirmininkas, kuris vadovauja Mokytoj\u0173 tarybai. Mokytoj\u0173 tarybos sekretori\u0173 renka Mokytoj\u0173 tarybos nariai atviru balsavimu bals\u0173 dauguma pirmame pos\u0117dyje. Mokyklos vadovas negali b\u016bti Mokytoj\u0173 tarybos nariu.<br \/>\nMokytoj\u0173 tarybai vadovauja pirmojo pos\u0117d\u017eio metu atviru balsavimu ir bals\u0173 dauguma i\u0161rinktas pirmininkas, kuris \u0161aukia Mokytoj\u0173 tarybos pos\u0117d\u017eius. Apie pos\u0117d\u017eio laik\u0105 ir svarstyti parengtus klausimus Mokytoj\u0173 tarybos nariai informuojami ne v\u0117liau kaip prie\u0161 3 darbo dienas. Pos\u0117d\u017eiai \u0161aukiami prasidedant ir baigiantis mokslo metams, taip pat ne re\u010diau kaip kart\u0105 per trimestr\u0105 ar pusmet\u012f. Prireikus gali b\u016bti su\u0161auktas neeilinis Mokytoj\u0173 tarybos pos\u0117dis. Pos\u0117dis yra teis\u0117tas, jei jame dalyvauja ne ma\u017eiau kaip du tre\u010ddaliai Mokytoj\u0173 tarybos nari\u0173. Nutarimai priimami pos\u0117dyje atviru balsavimu, bals\u0173 dauguma. Jeigu balsai pasiskirsto po lygiai, lemia pirmininko balsas. Pos\u0117d\u017eiai protokoluojami, protokolai saugomi Gimnazijos Dokumentacijos plane nustatyta tvarka.<br \/>\n\u012e pos\u0117d\u017eius gali b\u016bti kvie\u010diami kit\u0173 Gimnazijos savivaldos institucij\u0173 atstovai, Gimnazijos direktorius, Direktoriaus pavaduotojai ugdymui, mokytojai, pagalbos mokiniui specialistai ir kiti ugdymo procese dalyvaujantys asmenys.<\/p>\n<p>Mokytoj\u0173 taryba:<br \/>\n1. svarsto ir priima nutarimus teis\u0117s akt\u0173 nustatytais ir Gimnazijos direktoriaus teikiamais klausimais;<br \/>\n2. svarsto ir teikia si\u016blymus Gimnazijos strateginiam planui, metiniam veiklos planui, ugdymo planui, Gimnazijos veiklos tobulinimui;<br \/>\n3. aptaria mokini\u0173 mokymosi, sveikatos, poilsio ir mitybos klausimus;<br \/>\n4. svarsto mokini\u0173 lankomumo, elgesio, pa\u017eangumo, neformaliojo \u0161vietimo veiklos klausimus, skatina inovacij\u0173 paie\u0161k\u0105 ir patirties sklaid\u0105;<br \/>\n5. derina ugdymo turin\u012f ir metodus su Gimnazijos keliamais u\u017edaviniais ir bendruomen\u0117s poreikiais;<br \/>\n6. aptaria mokini\u0173 mokymo (si) poreikius, programas, dalyk\u0173 ilgalaiki\u0173, klas\u0117s vadov\u0173, kit\u0173 pedagogini\u0173 veikl\u0173 planus;<br \/>\n7. aptaria mokymo ir mokymosi metodus, mokini\u0173 pasiekim\u0173 ir pa\u017eangos vertinimo b\u016bdus, mokymo (si) ir ugdymo (si) priemones;<br \/>\n8. renka atstovus \u012f Gimnazijos taryb\u0105 ir Mokytoj\u0173 atestacijos komisij\u0105;<br \/>\n9. sprend\u017eia kitus su mokini\u0173 ugdymu ir mokytoj\u0173 veikla susijusius klausimus.<\/p>\n","protected":false},"excerpt":{"rendered":"<p>Mokytoj\u0173 taryba \u2013 Gimnazijos savivaldos institucija, atstovaujanti mokytoj\u0173 interesams ir sprend\u017eianti mokytojams aktualias problemas. Mokytoj\u0173 tarybos pirminink\u0105 renka tarybos nariai vieneriems kalendoriams metams bals\u0173 dauguma. Mokytoj\u0173 taryba sudaroma 3 met\u0173 kadencijai i\u0161 9 Gimnazijos mokytoj\u0173, i\u0161rinkt\u0173 visuotiniame Gimnazijos mokytoj\u0173 susirinkime &hellip; <a href=\"https:\/\/www.mickunai.vilniausr.lm.lt\/?page_id=117&#038;lang=LT\">Skaitykite toliau <span class=\"meta-nav\">&rarr;<\/span><\/a><\/p>\n","protected":false},"author":1,"featured_media":0,"parent":25145,"menu_order":2,"comment_status":"closed","ping_status":"closed","template":"","meta":[],"_links":{"self":[{"href":"https:\/\/www.mickunai.vilniausr.lm.lt\/index.php?rest_route=\/wp\/v2\/pages\/117"}],"collection":[{"href":"https:\/\/www.mickunai.vilniausr.lm.lt\/index.php?rest_route=\/wp\/v2\/pages"}],"about":[{"href":"https:\/\/www.mickunai.vilniausr.lm.lt\/index.php?rest_route=\/wp\/v2\/types\/page"}],"author":[{"embeddable":true,"href":"https:\/\/www.mickunai.vilniausr.lm.lt\/index.php?rest_route=\/wp\/v2\/users\/1"}],"replies":[{"embeddable":true,"href":"https:\/\/www.mickunai.vilniausr.lm.lt\/index.php?rest_route=%2Fwp%2Fv2%2Fcomments&post=117"}],"version-history":[{"count":52,"href":"https:\/\/www.mickunai.vilniausr.lm.lt\/index.php?rest_route=\/wp\/v2\/pages\/117\/revisions"}],"predecessor-version":[{"id":40514,"href":"https:\/\/www.mickunai.vilniausr.lm.lt\/index.php?rest_route=\/wp\/v2\/pages\/117\/revisions\/40514"}],"up":[{"embeddable":true,"href":"https:\/\/www.mickunai.vilniausr.lm.lt\/index.php?rest_route=\/wp\/v2\/pages\/25145"}],"wp:attachment":[{"href":"https:\/\/www.mickunai.vilniausr.lm.lt\/index.php?rest_route=%2Fwp%2Fv2%2Fmedia&parent=117"}],"curies":[{"name":"wp","href":"https:\/\/api.w.org\/{rel}","templated":true}]}}