{"id":11169,"date":"2015-09-22T09:28:02","date_gmt":"2015-09-22T09:28:02","guid":{"rendered":"http:\/\/www2020.vu.lt\/?page_id=11169"},"modified":"2018-08-27T03:27:26","modified_gmt":"2018-08-27T03:27:26","slug":"spinteles","status":"publish","type":"page","link":"https:\/\/www.mickunai.vilniausr.lm.lt\/?page_id=11169&amp;lang=LT","title":{"rendered":"Spintel\u0117s"},"content":{"rendered":"<p><em><strong>Sveikiname su art\u0117jan\u010diais mokslo metais! <\/strong><\/em><em><\/em><br \/>\nKad mokslo met\u0173 prad\u017eioje, neu\u017etrukt\u0173 spinteli\u0173 rakt\u0173 pristatymas, rekomenduojame moksleiviams registruotis jau dabar. Siun\u010diame Jums vis\u0105 reikiam\u0105 informacij\u0105 d\u0117l spinteli\u0173 nuomos, kuri\u0105 maloniai pra\u0161ome i\u0161si\u0173sti \u012f el.dienyn\u0105.<br \/>\nJei pageidausite, gal\u0117sime persi\u0173sti ir popierinius registravimosi lapus arba elektronin\u012f fail\u0105 &#8211; d\u0117l \u0161io pra\u0161ome susisiekti, kad sutartume Jums patogiausi\u0105 variant\u0105.<br \/>\nD\u0117kojame.<br \/>\n\u010cikuRaku vadov\u0117 Gabriel\u0117 Grinbergait\u0117<br \/>\n<strong>Gerbiami t\u0117veliai,<\/strong><br \/>\nmokykloje yra \u012frengtos \u010cikuRaku daikt\u0173 saugojimo spintel\u0117s. Pageidaujant naudotis spintele, kvie\u010diame registruotis jau dabar. J\u016bs\u0173 u\u017esakym\u0105 paruo\u0161ime ir pristatysime rugs\u0117jo pirmosiomis dienomis tiesiai \u012f mokykl\u0105.<br \/>\nNaujiems mokiniams ir visiems pageidaujantiems naudotis spintele registracija vyksta internetu: <strong><em>www.\u010dikuraku.lt\/noriu <\/em><\/strong><strong><\/strong><br \/>\nKainas, galiojan\u010dias J\u016bs\u0173 mokykloje, galite rasti plakatuose prie spinteli\u0173.<br \/>\nKilus klausimams bet kada galima kreiptis el. pa\u0161tu pagalba@cikuraku.lt arba telefonu +370 619 188 90 (Dirbame I-V 8:30-16:30)<br \/>\n<strong>Esamiems naudotojams niekas nesikei\u010dia, spintel\u0117s lieka tos pa\u010dios.<br \/>\nS\u0105skaitos bus i\u0161si\u0173stos el. pa\u0161tu rugs\u0117jo pirmosiomis dienomis.<\/strong><\/p>\n<p>Naujiems mokiniams ir visiems pageidaujantiems naudotis spintele<br \/>\nregistracija vyksta internetu:<\/p>\n<p><a href=\"http:\/\/www.cikuraku.lt\" target=\"_blank\">www.\u010dikuraku.lt<\/a><a href=\"http:\/\/www.cikuraku.lt\"> <http: \/\/www.xn--ikuraku-i6a.lt><\/http:><\/a><\/p>\n<p>Kilus klausimams bet kada galima kreiptis<br \/>\nel. pa\u0161tu pagalba@cikuraku.lt<br \/>\narba telefonu +370 619 188 90<br \/>\n(Dirbame I-V 8-17val.)<\/p>\n<p>Esamiems naudotojams niekas nesikei\u010dia, spintel\u0117s lieka tos pa\u010dios.<br \/>\nS\u0105skaitos i\u0161si\u0173stos el. pa\u0161tu bei pateiktos \u012f spinteles.<\/p>\n<p>Jei pageidausite gal\u0117sime persi\u0173sti ir popierinius registravimosi lapus<br \/>\narba elektronin\u012f fail\u0105 &#8211; d\u0117l \u0161io pra\u0161ome susisiekti, kad sutartume Jums<br \/>\npatogiausi\u0105 variant\u0105.<\/p>\n","protected":false},"excerpt":{"rendered":"<p>Sveikiname su art\u0117jan\u010diais mokslo metais! Kad mokslo met\u0173 prad\u017eioje, neu\u017etrukt\u0173 spinteli\u0173 rakt\u0173 pristatymas, rekomenduojame moksleiviams registruotis jau dabar. Siun\u010diame Jums vis\u0105 reikiam\u0105 informacij\u0105 d\u0117l spinteli\u0173 nuomos, kuri\u0105 maloniai pra\u0161ome i\u0161si\u0173sti \u012f el.dienyn\u0105. Jei pageidausite, gal\u0117sime persi\u0173sti ir popierinius registravimosi lapus &hellip; <a href=\"https:\/\/www.mickunai.vilniausr.lm.lt\/?page_id=11169&#038;lang=LT\">Skaitykite toliau <span class=\"meta-nav\">&rarr;<\/span><\/a><\/p>\n","protected":false},"author":1,"featured_media":0,"parent":828,"menu_order":0,"comment_status":"closed","ping_status":"closed","template":"","meta":[],"_links":{"self":[{"href":"https:\/\/www.mickunai.vilniausr.lm.lt\/index.php?rest_route=\/wp\/v2\/pages\/11169"}],"collection":[{"href":"https:\/\/www.mickunai.vilniausr.lm.lt\/index.php?rest_route=\/wp\/v2\/pages"}],"about":[{"href":"https:\/\/www.mickunai.vilniausr.lm.lt\/index.php?rest_route=\/wp\/v2\/types\/page"}],"author":[{"embeddable":true,"href":"https:\/\/www.mickunai.vilniausr.lm.lt\/index.php?rest_route=\/wp\/v2\/users\/1"}],"replies":[{"embeddable":true,"href":"https:\/\/www.mickunai.vilniausr.lm.lt\/index.php?rest_route=%2Fwp%2Fv2%2Fcomments&post=11169"}],"version-history":[{"count":13,"href":"https:\/\/www.mickunai.vilniausr.lm.lt\/index.php?rest_route=\/wp\/v2\/pages\/11169\/revisions"}],"predecessor-version":[{"id":21694,"href":"https:\/\/www.mickunai.vilniausr.lm.lt\/index.php?rest_route=\/wp\/v2\/pages\/11169\/revisions\/21694"}],"up":[{"embeddable":true,"href":"https:\/\/www.mickunai.vilniausr.lm.lt\/index.php?rest_route=\/wp\/v2\/pages\/828"}],"wp:attachment":[{"href":"https:\/\/www.mickunai.vilniausr.lm.lt\/index.php?rest_route=%2Fwp%2Fv2%2Fmedia&parent=11169"}],"curies":[{"name":"wp","href":"https:\/\/api.w.org\/{rel}","templated":true}]}}