{"id":10388,"date":"2015-04-21T20:07:43","date_gmt":"2015-04-21T20:07:43","guid":{"rendered":"http:\/\/www2020.vu.lt\/?page_id=10388"},"modified":"2015-08-05T07:59:42","modified_gmt":"2015-08-05T07:59:42","slug":"mokyklos-tradicijos","status":"publish","type":"page","link":"https:\/\/www.mickunai.vilniausr.lm.lt\/?page_id=10388&amp;lang=LT","title":{"rendered":"Gimnazijos tradicijos"},"content":{"rendered":"<p><strong>Tradiciniai renginiai ir \u0161vent\u0117s<br \/>\n<\/strong><br \/>\n Mokslo ir \u017eini\u0173 diena<br \/>\nEuropos kalb\u0173 diena<br \/>\nTarptautin\u0117 mokytoj\u0173 diena<br \/>\nKonstitucijos diena<br \/>\nAdventin\u0117 popiet\u0117<br \/>\nNauj\u0173j\u0173 Met\u0173 karnavalai<br \/>\n\u0160imtadienis<br \/>\nSeneli\u0173 \u0161vent\u0117<br \/>\nJau esu pirmokas<br \/>\nKaziuko mug\u0117<br \/>\nMotinos diena<br \/>\nMokslo met\u0173 baigimo \u0161vent\u0117<\/p>\n<p><strong>Projektai, pilietin\u0117s akcijos ir socialini\u0173 \u012fg\u016bd\u017ei\u0173 formavimo programos <\/strong><\/p>\n<p>Pilietin\u0117 akcija \u201eAtmintis gyva, nes liudija\u201c, skirta Sausio 13-osios min\u0117jimui<br \/>\nAkcija \u201eVasario 16-oji: \u0161v\u0119skime i\u0161radingai\u201c<br \/>\nKovo 11-osios min\u0117jimas<br \/>\nAntinikotininio klubo projektas<br \/>\nAplinkotvarkos akcija \u201eDarom\u201c<br \/>\nTolerancijos diena<br \/>\nAIDS diena<br \/>\n\u201eSavait\u0117 be paty\u010di\u0173\u201c<\/p>\n","protected":false},"excerpt":{"rendered":"<p>Tradiciniai renginiai ir \u0161vent\u0117s Mokslo ir \u017eini\u0173 diena Europos kalb\u0173 diena Tarptautin\u0117 mokytoj\u0173 diena Konstitucijos diena Adventin\u0117 popiet\u0117 Nauj\u0173j\u0173 Met\u0173 karnavalai \u0160imtadienis Seneli\u0173 \u0161vent\u0117 Jau esu pirmokas Kaziuko mug\u0117 Motinos diena Mokslo met\u0173 baigimo \u0161vent\u0117 Projektai, pilietin\u0117s akcijos ir socialini\u0173 &hellip; <a href=\"https:\/\/www.mickunai.vilniausr.lm.lt\/?page_id=10388&#038;lang=LT\">Skaitykite toliau <span class=\"meta-nav\">&rarr;<\/span><\/a><\/p>\n","protected":false},"author":1,"featured_media":0,"parent":620,"menu_order":0,"comment_status":"closed","ping_status":"closed","template":"","meta":[],"_links":{"self":[{"href":"https:\/\/www.mickunai.vilniausr.lm.lt\/index.php?rest_route=\/wp\/v2\/pages\/10388"}],"collection":[{"href":"https:\/\/www.mickunai.vilniausr.lm.lt\/index.php?rest_route=\/wp\/v2\/pages"}],"about":[{"href":"https:\/\/www.mickunai.vilniausr.lm.lt\/index.php?rest_route=\/wp\/v2\/types\/page"}],"author":[{"embeddable":true,"href":"https:\/\/www.mickunai.vilniausr.lm.lt\/index.php?rest_route=\/wp\/v2\/users\/1"}],"replies":[{"embeddable":true,"href":"https:\/\/www.mickunai.vilniausr.lm.lt\/index.php?rest_route=%2Fwp%2Fv2%2Fcomments&post=10388"}],"version-history":[{"count":3,"href":"https:\/\/www.mickunai.vilniausr.lm.lt\/index.php?rest_route=\/wp\/v2\/pages\/10388\/revisions"}],"predecessor-version":[{"id":11017,"href":"https:\/\/www.mickunai.vilniausr.lm.lt\/index.php?rest_route=\/wp\/v2\/pages\/10388\/revisions\/11017"}],"up":[{"embeddable":true,"href":"https:\/\/www.mickunai.vilniausr.lm.lt\/index.php?rest_route=\/wp\/v2\/pages\/620"}],"wp:attachment":[{"href":"https:\/\/www.mickunai.vilniausr.lm.lt\/index.php?rest_route=%2Fwp%2Fv2%2Fmedia&parent=10388"}],"curies":[{"name":"wp","href":"https:\/\/api.w.org\/{rel}","templated":true}]}}